{"id":12,"date":"2023-11-22T17:09:28","date_gmt":"2023-11-22T20:09:28","guid":{"rendered":"https:\/\/beekeep.pcs.usp.br\/site\/?page_id=12"},"modified":"2023-11-30T16:46:17","modified_gmt":"2023-11-30T19:46:17","slug":"equipe","status":"publish","type":"page","link":"https:\/\/beekeep.pcs.usp.br\/site\/equipe\/","title":{"rendered":"Equipe"},"content":{"rendered":"","protected":false},"excerpt":{"rendered":"","protected":false},"author":1,"featured_media":0,"parent":0,"menu_order":0,"comment_status":"closed","ping_status":"closed","template":"templates\/team.php","meta":{"footnotes":""},"acf":[],"yoast_head":"<!-- This site is optimized with the Yoast SEO plugin v21.6 - https:\/\/yoast.com\/wordpress\/plugins\/seo\/ -->\n<title>Equipe - Beekeep<\/title>\n<meta name=\"description\" content=\"A equipe BeeKeep: especialistas apaixonados de diversas \u00e1reas, unidos para estudar e preservar abelhas. Conhe\u00e7a quem impulsiona nossa miss\u00e3o!\" \/>\n<meta name=\"robots\" content=\"index, follow, max-snippet:-1, max-image-preview:large, max-video-preview:-1\" \/>\n<link rel=\"canonical\" href=\"https:\/\/beekeep.pcs.usp.br\/site\/equipe\/\" \/>\n<meta property=\"og:locale\" content=\"pt_BR\" \/>\n<meta property=\"og:type\" content=\"article\" \/>\n<meta property=\"og:title\" content=\"Equipe - Beekeep\" \/>\n<meta property=\"og:description\" content=\"A equipe BeeKeep: especialistas apaixonados de diversas \u00e1reas, unidos para estudar e preservar abelhas. Conhe\u00e7a quem impulsiona nossa miss\u00e3o!\" \/>\n<meta property=\"og:url\" content=\"https:\/\/beekeep.pcs.usp.br\/site\/equipe\/\" \/>\n<meta property=\"og:site_name\" content=\"Beekeep\" \/>\n<meta property=\"article:modified_time\" content=\"2023-11-30T19:46:17+00:00\" \/>\n<meta name=\"twitter:card\" content=\"summary_large_image\" \/>\n<script type=\"application\/ld+json\" class=\"yoast-schema-graph\">{\"@context\":\"https:\/\/schema.org\",\"@graph\":[{\"@type\":\"WebPage\",\"@id\":\"https:\/\/beekeep.pcs.usp.br\/site\/equipe\/\",\"url\":\"https:\/\/beekeep.pcs.usp.br\/site\/equipe\/\",\"name\":\"Equipe - Beekeep\",\"isPartOf\":{\"@id\":\"https:\/\/beekeep.pcs.usp.br\/site\/#website\"},\"datePublished\":\"2023-11-22T20:09:28+00:00\",\"dateModified\":\"2023-11-30T19:46:17+00:00\",\"description\":\"A equipe BeeKeep: especialistas apaixonados de diversas \u00e1reas, unidos para estudar e preservar abelhas. Conhe\u00e7a quem impulsiona nossa miss\u00e3o!\",\"breadcrumb\":{\"@id\":\"https:\/\/beekeep.pcs.usp.br\/site\/equipe\/#breadcrumb\"},\"inLanguage\":\"pt-BR\",\"potentialAction\":[{\"@type\":\"ReadAction\",\"target\":[\"https:\/\/beekeep.pcs.usp.br\/site\/equipe\/\"]}]},{\"@type\":\"BreadcrumbList\",\"@id\":\"https:\/\/beekeep.pcs.usp.br\/site\/equipe\/#breadcrumb\",\"itemListElement\":[{\"@type\":\"ListItem\",\"position\":1,\"name\":\"In\u00edcio\",\"item\":\"https:\/\/beekeep.pcs.usp.br\/site\/\"},{\"@type\":\"ListItem\",\"position\":2,\"name\":\"Equipe\"}]},{\"@type\":\"WebSite\",\"@id\":\"https:\/\/beekeep.pcs.usp.br\/site\/#website\",\"url\":\"https:\/\/beekeep.pcs.usp.br\/site\/\",\"name\":\"Beekeep\",\"description\":\"\",\"potentialAction\":[{\"@type\":\"SearchAction\",\"target\":{\"@type\":\"EntryPoint\",\"urlTemplate\":\"https:\/\/beekeep.pcs.usp.br\/site\/?s={search_term_string}\"},\"query-input\":\"required name=search_term_string\"}],\"inLanguage\":\"pt-BR\"}]}<\/script>\n<!-- \/ Yoast SEO plugin. -->","yoast_head_json":{"title":"Equipe - Beekeep","description":"A equipe BeeKeep: especialistas apaixonados de diversas \u00e1reas, unidos para estudar e preservar abelhas. Conhe\u00e7a quem impulsiona nossa miss\u00e3o!","robots":{"index":"index","follow":"follow","max-snippet":"max-snippet:-1","max-image-preview":"max-image-preview:large","max-video-preview":"max-video-preview:-1"},"canonical":"https:\/\/beekeep.pcs.usp.br\/site\/equipe\/","og_locale":"pt_BR","og_type":"article","og_title":"Equipe - Beekeep","og_description":"A equipe BeeKeep: especialistas apaixonados de diversas \u00e1reas, unidos para estudar e preservar abelhas. Conhe\u00e7a quem impulsiona nossa miss\u00e3o!","og_url":"https:\/\/beekeep.pcs.usp.br\/site\/equipe\/","og_site_name":"Beekeep","article_modified_time":"2023-11-30T19:46:17+00:00","twitter_card":"summary_large_image","schema":{"@context":"https:\/\/schema.org","@graph":[{"@type":"WebPage","@id":"https:\/\/beekeep.pcs.usp.br\/site\/equipe\/","url":"https:\/\/beekeep.pcs.usp.br\/site\/equipe\/","name":"Equipe - Beekeep","isPartOf":{"@id":"https:\/\/beekeep.pcs.usp.br\/site\/#website"},"datePublished":"2023-11-22T20:09:28+00:00","dateModified":"2023-11-30T19:46:17+00:00","description":"A equipe BeeKeep: especialistas apaixonados de diversas \u00e1reas, unidos para estudar e preservar abelhas. Conhe\u00e7a quem impulsiona nossa miss\u00e3o!","breadcrumb":{"@id":"https:\/\/beekeep.pcs.usp.br\/site\/equipe\/#breadcrumb"},"inLanguage":"pt-BR","potentialAction":[{"@type":"ReadAction","target":["https:\/\/beekeep.pcs.usp.br\/site\/equipe\/"]}]},{"@type":"BreadcrumbList","@id":"https:\/\/beekeep.pcs.usp.br\/site\/equipe\/#breadcrumb","itemListElement":[{"@type":"ListItem","position":1,"name":"In\u00edcio","item":"https:\/\/beekeep.pcs.usp.br\/site\/"},{"@type":"ListItem","position":2,"name":"Equipe"}]},{"@type":"WebSite","@id":"https:\/\/beekeep.pcs.usp.br\/site\/#website","url":"https:\/\/beekeep.pcs.usp.br\/site\/","name":"Beekeep","description":"","potentialAction":[{"@type":"SearchAction","target":{"@type":"EntryPoint","urlTemplate":"https:\/\/beekeep.pcs.usp.br\/site\/?s={search_term_string}"},"query-input":"required name=search_term_string"}],"inLanguage":"pt-BR"}]}},"_links":{"self":[{"href":"https:\/\/beekeep.pcs.usp.br\/site\/wp-json\/wp\/v2\/pages\/12"}],"collection":[{"href":"https:\/\/beekeep.pcs.usp.br\/site\/wp-json\/wp\/v2\/pages"}],"about":[{"href":"https:\/\/beekeep.pcs.usp.br\/site\/wp-json\/wp\/v2\/types\/page"}],"author":[{"embeddable":true,"href":"https:\/\/beekeep.pcs.usp.br\/site\/wp-json\/wp\/v2\/users\/1"}],"replies":[{"embeddable":true,"href":"https:\/\/beekeep.pcs.usp.br\/site\/wp-json\/wp\/v2\/comments?post=12"}],"version-history":[{"count":2,"href":"https:\/\/beekeep.pcs.usp.br\/site\/wp-json\/wp\/v2\/pages\/12\/revisions"}],"predecessor-version":[{"id":109,"href":"https:\/\/beekeep.pcs.usp.br\/site\/wp-json\/wp\/v2\/pages\/12\/revisions\/109"}],"wp:attachment":[{"href":"https:\/\/beekeep.pcs.usp.br\/site\/wp-json\/wp\/v2\/media?parent=12"}],"curies":[{"name":"wp","href":"https:\/\/api.w.org\/{rel}","templated":true}]}}