{"id":16,"date":"2023-11-22T17:15:15","date_gmt":"2023-11-22T20:15:15","guid":{"rendered":"https:\/\/beekeep.pcs.usp.br\/site\/?page_id=16"},"modified":"2023-12-01T09:59:03","modified_gmt":"2023-12-01T12:59:03","slug":"cidadao-asf","status":"publish","type":"page","link":"https:\/\/beekeep.pcs.usp.br\/site\/cidadao-asf\/","title":{"rendered":"Cidad\u00e3o ASF"},"content":{"rendered":"","protected":false},"excerpt":{"rendered":"","protected":false},"author":1,"featured_media":0,"parent":0,"menu_order":0,"comment_status":"closed","ping_status":"closed","template":"templates\/asf.php","meta":{"footnotes":""},"acf":[],"yoast_head":"<!-- This site is optimized with the Yoast SEO plugin v21.6 - https:\/\/yoast.com\/wordpress\/plugins\/seo\/ -->\n<title>Cidad\u00e3o ASF - Beekeep<\/title>\n<meta name=\"description\" content=\"Seja um Beekeeper! Colabore na pesquisa sobre abelhas e contribua para a ci\u00eancia. Seu envolvimento \u00e9 fundamental para o sucesso do projeto.\" \/>\n<meta name=\"robots\" content=\"index, follow, max-snippet:-1, max-image-preview:large, max-video-preview:-1\" \/>\n<link rel=\"canonical\" href=\"https:\/\/beekeep.pcs.usp.br\/site\/cidadao-asf\/\" \/>\n<meta property=\"og:locale\" content=\"pt_BR\" \/>\n<meta property=\"og:type\" content=\"article\" \/>\n<meta property=\"og:title\" content=\"Cidad\u00e3o ASF - Beekeep\" \/>\n<meta property=\"og:description\" content=\"Seja um Beekeeper! Colabore na pesquisa sobre abelhas e contribua para a ci\u00eancia. Seu envolvimento \u00e9 fundamental para o sucesso do projeto.\" \/>\n<meta property=\"og:url\" content=\"https:\/\/beekeep.pcs.usp.br\/site\/cidadao-asf\/\" \/>\n<meta property=\"og:site_name\" content=\"Beekeep\" \/>\n<meta property=\"article:modified_time\" content=\"2023-12-01T12:59:03+00:00\" \/>\n<meta name=\"twitter:card\" content=\"summary_large_image\" \/>\n<script type=\"application\/ld+json\" class=\"yoast-schema-graph\">{\"@context\":\"https:\/\/schema.org\",\"@graph\":[{\"@type\":\"WebPage\",\"@id\":\"https:\/\/beekeep.pcs.usp.br\/site\/cidadao-asf\/\",\"url\":\"https:\/\/beekeep.pcs.usp.br\/site\/cidadao-asf\/\",\"name\":\"Cidad\u00e3o ASF - Beekeep\",\"isPartOf\":{\"@id\":\"https:\/\/beekeep.pcs.usp.br\/site\/#website\"},\"datePublished\":\"2023-11-22T20:15:15+00:00\",\"dateModified\":\"2023-12-01T12:59:03+00:00\",\"description\":\"Seja um Beekeeper! Colabore na pesquisa sobre abelhas e contribua para a ci\u00eancia. Seu envolvimento \u00e9 fundamental para o sucesso do projeto.\",\"breadcrumb\":{\"@id\":\"https:\/\/beekeep.pcs.usp.br\/site\/cidadao-asf\/#breadcrumb\"},\"inLanguage\":\"pt-BR\",\"potentialAction\":[{\"@type\":\"ReadAction\",\"target\":[\"https:\/\/beekeep.pcs.usp.br\/site\/cidadao-asf\/\"]}]},{\"@type\":\"BreadcrumbList\",\"@id\":\"https:\/\/beekeep.pcs.usp.br\/site\/cidadao-asf\/#breadcrumb\",\"itemListElement\":[{\"@type\":\"ListItem\",\"position\":1,\"name\":\"In\u00edcio\",\"item\":\"https:\/\/beekeep.pcs.usp.br\/site\/\"},{\"@type\":\"ListItem\",\"position\":2,\"name\":\"Cidad\u00e3o ASF\"}]},{\"@type\":\"WebSite\",\"@id\":\"https:\/\/beekeep.pcs.usp.br\/site\/#website\",\"url\":\"https:\/\/beekeep.pcs.usp.br\/site\/\",\"name\":\"Beekeep\",\"description\":\"\",\"potentialAction\":[{\"@type\":\"SearchAction\",\"target\":{\"@type\":\"EntryPoint\",\"urlTemplate\":\"https:\/\/beekeep.pcs.usp.br\/site\/?s={search_term_string}\"},\"query-input\":\"required name=search_term_string\"}],\"inLanguage\":\"pt-BR\"}]}<\/script>\n<!-- \/ Yoast SEO plugin. -->","yoast_head_json":{"title":"Cidad\u00e3o ASF - Beekeep","description":"Seja um Beekeeper! Colabore na pesquisa sobre abelhas e contribua para a ci\u00eancia. Seu envolvimento \u00e9 fundamental para o sucesso do projeto.","robots":{"index":"index","follow":"follow","max-snippet":"max-snippet:-1","max-image-preview":"max-image-preview:large","max-video-preview":"max-video-preview:-1"},"canonical":"https:\/\/beekeep.pcs.usp.br\/site\/cidadao-asf\/","og_locale":"pt_BR","og_type":"article","og_title":"Cidad\u00e3o ASF - Beekeep","og_description":"Seja um Beekeeper! Colabore na pesquisa sobre abelhas e contribua para a ci\u00eancia. Seu envolvimento \u00e9 fundamental para o sucesso do projeto.","og_url":"https:\/\/beekeep.pcs.usp.br\/site\/cidadao-asf\/","og_site_name":"Beekeep","article_modified_time":"2023-12-01T12:59:03+00:00","twitter_card":"summary_large_image","schema":{"@context":"https:\/\/schema.org","@graph":[{"@type":"WebPage","@id":"https:\/\/beekeep.pcs.usp.br\/site\/cidadao-asf\/","url":"https:\/\/beekeep.pcs.usp.br\/site\/cidadao-asf\/","name":"Cidad\u00e3o ASF - Beekeep","isPartOf":{"@id":"https:\/\/beekeep.pcs.usp.br\/site\/#website"},"datePublished":"2023-11-22T20:15:15+00:00","dateModified":"2023-12-01T12:59:03+00:00","description":"Seja um Beekeeper! Colabore na pesquisa sobre abelhas e contribua para a ci\u00eancia. Seu envolvimento \u00e9 fundamental para o sucesso do projeto.","breadcrumb":{"@id":"https:\/\/beekeep.pcs.usp.br\/site\/cidadao-asf\/#breadcrumb"},"inLanguage":"pt-BR","potentialAction":[{"@type":"ReadAction","target":["https:\/\/beekeep.pcs.usp.br\/site\/cidadao-asf\/"]}]},{"@type":"BreadcrumbList","@id":"https:\/\/beekeep.pcs.usp.br\/site\/cidadao-asf\/#breadcrumb","itemListElement":[{"@type":"ListItem","position":1,"name":"In\u00edcio","item":"https:\/\/beekeep.pcs.usp.br\/site\/"},{"@type":"ListItem","position":2,"name":"Cidad\u00e3o ASF"}]},{"@type":"WebSite","@id":"https:\/\/beekeep.pcs.usp.br\/site\/#website","url":"https:\/\/beekeep.pcs.usp.br\/site\/","name":"Beekeep","description":"","potentialAction":[{"@type":"SearchAction","target":{"@type":"EntryPoint","urlTemplate":"https:\/\/beekeep.pcs.usp.br\/site\/?s={search_term_string}"},"query-input":"required name=search_term_string"}],"inLanguage":"pt-BR"}]}},"_links":{"self":[{"href":"https:\/\/beekeep.pcs.usp.br\/site\/wp-json\/wp\/v2\/pages\/16"}],"collection":[{"href":"https:\/\/beekeep.pcs.usp.br\/site\/wp-json\/wp\/v2\/pages"}],"about":[{"href":"https:\/\/beekeep.pcs.usp.br\/site\/wp-json\/wp\/v2\/types\/page"}],"author":[{"embeddable":true,"href":"https:\/\/beekeep.pcs.usp.br\/site\/wp-json\/wp\/v2\/users\/1"}],"replies":[{"embeddable":true,"href":"https:\/\/beekeep.pcs.usp.br\/site\/wp-json\/wp\/v2\/comments?post=16"}],"version-history":[{"count":15,"href":"https:\/\/beekeep.pcs.usp.br\/site\/wp-json\/wp\/v2\/pages\/16\/revisions"}],"predecessor-version":[{"id":238,"href":"https:\/\/beekeep.pcs.usp.br\/site\/wp-json\/wp\/v2\/pages\/16\/revisions\/238"}],"wp:attachment":[{"href":"https:\/\/beekeep.pcs.usp.br\/site\/wp-json\/wp\/v2\/media?parent=16"}],"curies":[{"name":"wp","href":"https:\/\/api.w.org\/{rel}","templated":true}]}}