{"id":20,"date":"2023-11-22T17:22:37","date_gmt":"2023-11-22T20:22:37","guid":{"rendered":"https:\/\/beekeep.pcs.usp.br\/site\/?page_id=20"},"modified":"2023-11-30T16:50:22","modified_gmt":"2023-11-30T19:50:22","slug":"cursos","status":"publish","type":"page","link":"https:\/\/beekeep.pcs.usp.br\/site\/cursos\/","title":{"rendered":"Cursos"},"content":{"rendered":"","protected":false},"excerpt":{"rendered":"","protected":false},"author":1,"featured_media":0,"parent":0,"menu_order":0,"comment_status":"closed","ping_status":"closed","template":"templates\/cursos.php","meta":{"footnotes":""},"acf":[],"yoast_head":"<!-- This site is optimized with the Yoast SEO plugin v21.6 - https:\/\/yoast.com\/wordpress\/plugins\/seo\/ -->\n<title>Cursos - Beekeep<\/title>\n<meta name=\"description\" content=\"Aprenda sobre a ecologia e o manejo das abelhas sem ferr\u00e3o e participe de projetos de ci\u00eancia cidad\u00e3 para aumentar o conhecimento sobre as abelhas.\" \/>\n<meta name=\"robots\" content=\"index, follow, max-snippet:-1, max-image-preview:large, max-video-preview:-1\" \/>\n<link rel=\"canonical\" href=\"https:\/\/beekeep.pcs.usp.br\/site\/cursos\/\" \/>\n<meta property=\"og:locale\" content=\"pt_BR\" \/>\n<meta property=\"og:type\" content=\"article\" \/>\n<meta property=\"og:title\" content=\"Cursos - Beekeep\" \/>\n<meta property=\"og:description\" content=\"Aprenda sobre a ecologia e o manejo das abelhas sem ferr\u00e3o e participe de projetos de ci\u00eancia cidad\u00e3 para aumentar o conhecimento sobre as abelhas.\" \/>\n<meta property=\"og:url\" content=\"https:\/\/beekeep.pcs.usp.br\/site\/cursos\/\" \/>\n<meta property=\"og:site_name\" content=\"Beekeep\" \/>\n<meta property=\"article:modified_time\" content=\"2023-11-30T19:50:22+00:00\" \/>\n<meta name=\"twitter:card\" content=\"summary_large_image\" \/>\n<script type=\"application\/ld+json\" class=\"yoast-schema-graph\">{\"@context\":\"https:\/\/schema.org\",\"@graph\":[{\"@type\":\"WebPage\",\"@id\":\"https:\/\/beekeep.pcs.usp.br\/site\/cursos\/\",\"url\":\"https:\/\/beekeep.pcs.usp.br\/site\/cursos\/\",\"name\":\"Cursos - Beekeep\",\"isPartOf\":{\"@id\":\"https:\/\/beekeep.pcs.usp.br\/site\/#website\"},\"datePublished\":\"2023-11-22T20:22:37+00:00\",\"dateModified\":\"2023-11-30T19:50:22+00:00\",\"description\":\"Aprenda sobre a ecologia e o manejo das abelhas sem ferr\u00e3o e participe de projetos de ci\u00eancia cidad\u00e3 para aumentar o conhecimento sobre as abelhas.\",\"breadcrumb\":{\"@id\":\"https:\/\/beekeep.pcs.usp.br\/site\/cursos\/#breadcrumb\"},\"inLanguage\":\"pt-BR\",\"potentialAction\":[{\"@type\":\"ReadAction\",\"target\":[\"https:\/\/beekeep.pcs.usp.br\/site\/cursos\/\"]}]},{\"@type\":\"BreadcrumbList\",\"@id\":\"https:\/\/beekeep.pcs.usp.br\/site\/cursos\/#breadcrumb\",\"itemListElement\":[{\"@type\":\"ListItem\",\"position\":1,\"name\":\"In\u00edcio\",\"item\":\"https:\/\/beekeep.pcs.usp.br\/site\/\"},{\"@type\":\"ListItem\",\"position\":2,\"name\":\"Cursos\"}]},{\"@type\":\"WebSite\",\"@id\":\"https:\/\/beekeep.pcs.usp.br\/site\/#website\",\"url\":\"https:\/\/beekeep.pcs.usp.br\/site\/\",\"name\":\"Beekeep\",\"description\":\"\",\"potentialAction\":[{\"@type\":\"SearchAction\",\"target\":{\"@type\":\"EntryPoint\",\"urlTemplate\":\"https:\/\/beekeep.pcs.usp.br\/site\/?s={search_term_string}\"},\"query-input\":\"required name=search_term_string\"}],\"inLanguage\":\"pt-BR\"}]}<\/script>\n<!-- \/ Yoast SEO plugin. -->","yoast_head_json":{"title":"Cursos - Beekeep","description":"Aprenda sobre a ecologia e o manejo das abelhas sem ferr\u00e3o e participe de projetos de ci\u00eancia cidad\u00e3 para aumentar o conhecimento sobre as abelhas.","robots":{"index":"index","follow":"follow","max-snippet":"max-snippet:-1","max-image-preview":"max-image-preview:large","max-video-preview":"max-video-preview:-1"},"canonical":"https:\/\/beekeep.pcs.usp.br\/site\/cursos\/","og_locale":"pt_BR","og_type":"article","og_title":"Cursos - Beekeep","og_description":"Aprenda sobre a ecologia e o manejo das abelhas sem ferr\u00e3o e participe de projetos de ci\u00eancia cidad\u00e3 para aumentar o conhecimento sobre as abelhas.","og_url":"https:\/\/beekeep.pcs.usp.br\/site\/cursos\/","og_site_name":"Beekeep","article_modified_time":"2023-11-30T19:50:22+00:00","twitter_card":"summary_large_image","schema":{"@context":"https:\/\/schema.org","@graph":[{"@type":"WebPage","@id":"https:\/\/beekeep.pcs.usp.br\/site\/cursos\/","url":"https:\/\/beekeep.pcs.usp.br\/site\/cursos\/","name":"Cursos - Beekeep","isPartOf":{"@id":"https:\/\/beekeep.pcs.usp.br\/site\/#website"},"datePublished":"2023-11-22T20:22:37+00:00","dateModified":"2023-11-30T19:50:22+00:00","description":"Aprenda sobre a ecologia e o manejo das abelhas sem ferr\u00e3o e participe de projetos de ci\u00eancia cidad\u00e3 para aumentar o conhecimento sobre as abelhas.","breadcrumb":{"@id":"https:\/\/beekeep.pcs.usp.br\/site\/cursos\/#breadcrumb"},"inLanguage":"pt-BR","potentialAction":[{"@type":"ReadAction","target":["https:\/\/beekeep.pcs.usp.br\/site\/cursos\/"]}]},{"@type":"BreadcrumbList","@id":"https:\/\/beekeep.pcs.usp.br\/site\/cursos\/#breadcrumb","itemListElement":[{"@type":"ListItem","position":1,"name":"In\u00edcio","item":"https:\/\/beekeep.pcs.usp.br\/site\/"},{"@type":"ListItem","position":2,"name":"Cursos"}]},{"@type":"WebSite","@id":"https:\/\/beekeep.pcs.usp.br\/site\/#website","url":"https:\/\/beekeep.pcs.usp.br\/site\/","name":"Beekeep","description":"","potentialAction":[{"@type":"SearchAction","target":{"@type":"EntryPoint","urlTemplate":"https:\/\/beekeep.pcs.usp.br\/site\/?s={search_term_string}"},"query-input":"required name=search_term_string"}],"inLanguage":"pt-BR"}]}},"_links":{"self":[{"href":"https:\/\/beekeep.pcs.usp.br\/site\/wp-json\/wp\/v2\/pages\/20"}],"collection":[{"href":"https:\/\/beekeep.pcs.usp.br\/site\/wp-json\/wp\/v2\/pages"}],"about":[{"href":"https:\/\/beekeep.pcs.usp.br\/site\/wp-json\/wp\/v2\/types\/page"}],"author":[{"embeddable":true,"href":"https:\/\/beekeep.pcs.usp.br\/site\/wp-json\/wp\/v2\/users\/1"}],"replies":[{"embeddable":true,"href":"https:\/\/beekeep.pcs.usp.br\/site\/wp-json\/wp\/v2\/comments?post=20"}],"version-history":[{"count":6,"href":"https:\/\/beekeep.pcs.usp.br\/site\/wp-json\/wp\/v2\/pages\/20\/revisions"}],"predecessor-version":[{"id":145,"href":"https:\/\/beekeep.pcs.usp.br\/site\/wp-json\/wp\/v2\/pages\/20\/revisions\/145"}],"wp:attachment":[{"href":"https:\/\/beekeep.pcs.usp.br\/site\/wp-json\/wp\/v2\/media?parent=20"}],"curies":[{"name":"wp","href":"https:\/\/api.w.org\/{rel}","templated":true}]}}